{"id":313,"date":"2025-08-03T21:07:10","date_gmt":"2025-08-03T19:07:10","guid":{"rendered":"https:\/\/lorbach1250.de\/?page_id=313"},"modified":"2025-08-03T21:51:17","modified_gmt":"2025-08-03T19:51:17","slug":"strassensperrung","status":"publish","type":"page","link":"https:\/\/lorbach1250.de\/?page_id=313","title":{"rendered":"Stra\u00dfensperrung"},"content":{"rendered":"\n<figure class=\"wp-block-image size-full\"><img loading=\"lazy\" decoding=\"async\" width=\"839\" height=\"839\" src=\"https:\/\/lorbach1250.de\/wp-content\/uploads\/2025\/08\/Openstreetmaps-Strassensperre2-4.jpg\" alt=\"\" class=\"wp-image-335\" srcset=\"https:\/\/lorbach1250.de\/wp-content\/uploads\/2025\/08\/Openstreetmaps-Strassensperre2-4.jpg 839w, https:\/\/lorbach1250.de\/wp-content\/uploads\/2025\/08\/Openstreetmaps-Strassensperre2-4-300x300.jpg 300w, https:\/\/lorbach1250.de\/wp-content\/uploads\/2025\/08\/Openstreetmaps-Strassensperre2-4-150x150.jpg 150w, https:\/\/lorbach1250.de\/wp-content\/uploads\/2025\/08\/Openstreetmaps-Strassensperre2-4-768x768.jpg 768w, https:\/\/lorbach1250.de\/wp-content\/uploads\/2025\/08\/Openstreetmaps-Strassensperre2-4-100x100.jpg 100w\" sizes=\"auto, (max-width: 706px) 89vw, (max-width: 767px) 82vw, 740px\" \/><\/figure>\n\n\n\n<p>Liebe Lorbacherinnen und Lorbacher,<\/p>\n\n\n\n<p>damit das Fest sicher und ungest\u00f6rt ablaufen kann, ist eine <strong>Sperrung der Herrnhuter Stra\u00dfe<\/strong> notwendig.<\/p>\n\n\n\n<p><strong>Stra\u00dfensperrung:<\/strong><br>Freitag, 15.08.2025, ab ca. 17:00 Uhr bis <br>Sonntag, 17.08.2025, ca. 23:00 Uhr<\/p>\n\n\n\n<p><strong>Betroffener Bereich:<\/strong><br>Herrnhuter Stra\u00dfe (63654 B\u00fcdingen)<br>von Hausnummer 19 bis Hausnummer 54<\/p>\n\n\n\n<div class=\"wp-block-group is-vertical is-layout-flex wp-container-core-group-is-layout-8cf370e7 wp-block-group-is-layout-flex\">\n<p><strong>Nicht befahrbare Sackgassen:<\/strong><\/p>\n\n\n\n<p>Quellweg<\/p>\n\n\n\n<p>Eschenweg<\/p>\n\n\n\n<p>Postweg<\/p>\n\n\n\n<p>Schmiedegasse<\/p>\n<\/div>\n\n\n\n<p><strong>Parkm\u00f6glichkeiten f\u00fcr Anwohner:<\/strong><\/p>\n\n\n\n<p>Anwohner Schmiedegasse, Postweg und Herrnhuter Stra\u00dfe bis Eschenweg, haben die M\u00f6glichkeit ein Fahrzeug pro Haushalt in den H\u00f6fen &#8222;B\u00fccking&#8220; (Alte Gasse 3) und &#8222;Nagel&#8220; (Herrnhuter Str. 20) zu parken.<\/p>\n\n\n\n<p><\/p>\n\n\n\n<p>Anwohner Quellweg und Herrnhuter Stra\u00dfe bis Eschenweg, haben die M\u00f6glichkeit ein Fahrzeug pro Haushalt auf dem Schotterparkplatz an der Wolfgang-Konrad-Halle zu parken. <br>(Bitte Fahrzeuge vorher umparken, wenn Sie an dem Wochenende mobil sein m\u00fcssen.)<\/p>\n\n\n\n<p><\/p>\n\n\n\n<div class=\"wp-block-group is-vertical is-layout-flex wp-container-core-group-is-layout-8cf370e7 wp-block-group-is-layout-flex\">\n<p><strong>Parkm\u00f6glichkeiten f\u00fcr Besucher:<\/strong><\/p>\n\n\n\n<p>Schotterplatz an der Wolfgang-Konrad-Halle<\/p>\n\n\n\n<p>Wiese am Ortseingang aus Richtung B\u00fcdingen<\/p>\n<\/div>\n\n\n\n<p><\/p>\n\n\n\n<div class=\"wp-block-group is-vertical is-layout-flex wp-container-core-group-is-layout-8cf370e7 wp-block-group-is-layout-flex\">\n<p><strong>Halteverbot (Rettungswege):<\/strong><br>In folgenden Stra\u00dfen ist das Parken verboten:<\/p>\n\n\n\n<p>Wannweg<\/p>\n\n\n\n<p>Backhausgasse<\/p>\n\n\n\n<p>Hardecker Stra\u00dfe<br>(Bitte unbedingt freihalten f\u00fcr Rettungsdienste und Feuerwehr!)<\/p>\n<\/div>\n\n\n\n<p><\/p>\n\n\n\n<p>Der Dorfverein Lorbach bittet um Verst\u00e4ndnis f\u00fcr die Einschr\u00e4nkungen. Wir freuen uns auf viele Besucher und ein unvergessliches Jubil\u00e4umsfest!<\/p>\n\n\n\n<p><\/p>\n\n\n\n<div class=\"wp-block-group is-vertical is-layout-flex wp-container-core-group-is-layout-8cf370e7 wp-block-group-is-layout-flex\">\n<p>Ansprechpartner:<\/p>\n\n\n\n<p>Oliver Osenberg &#8211; 0172-6955016<\/p>\n\n\n\n<p>Friedhelm K\u00f6hler &#8211; 01514-1380409<\/p>\n<\/div>\n\n\n\n<p><\/p>\n\n\n\n<figure class=\"wp-block-image size-full is-resized\"><img loading=\"lazy\" decoding=\"async\" width=\"435\" height=\"308\" src=\"https:\/\/lorbach1250.de\/wp-content\/uploads\/2025\/08\/Anwohnerparkplatz-Buecking-Nagel-mit-Rahmen-1.png\" alt=\"\" class=\"wp-image-323\" style=\"width:674px;height:auto\" srcset=\"https:\/\/lorbach1250.de\/wp-content\/uploads\/2025\/08\/Anwohnerparkplatz-Buecking-Nagel-mit-Rahmen-1.png 435w, https:\/\/lorbach1250.de\/wp-content\/uploads\/2025\/08\/Anwohnerparkplatz-Buecking-Nagel-mit-Rahmen-1-300x212.png 300w\" sizes=\"auto, (max-width: 435px) 100vw, 435px\" \/><\/figure>\n\n\n\n<figure class=\"wp-block-image size-full is-resized\"><img loading=\"lazy\" decoding=\"async\" width=\"432\" height=\"313\" src=\"https:\/\/lorbach1250.de\/wp-content\/uploads\/2025\/08\/Anwohnerparkplatz-WKH-mit-Rahmen-1.png\" alt=\"\" class=\"wp-image-324\" style=\"width:674px;height:auto\" srcset=\"https:\/\/lorbach1250.de\/wp-content\/uploads\/2025\/08\/Anwohnerparkplatz-WKH-mit-Rahmen-1.png 432w, https:\/\/lorbach1250.de\/wp-content\/uploads\/2025\/08\/Anwohnerparkplatz-WKH-mit-Rahmen-1-300x217.png 300w\" sizes=\"auto, (max-width: 432px) 100vw, 432px\" \/><\/figure>\n","protected":false},"excerpt":{"rendered":"<p>Liebe Lorbacherinnen und Lorbacher, damit das Fest sicher und ungest\u00f6rt ablaufen kann, ist eine Sperrung der Herrnhuter Stra\u00dfe notwendig. Stra\u00dfensperrung:Freitag, 15.08.2025, ab ca. 17:00 Uhr bis Sonntag, 17.08.2025, ca. 23:00 Uhr Betroffener Bereich:Herrnhuter Stra\u00dfe (63654 B\u00fcdingen)von Hausnummer 19 bis Hausnummer 54 Nicht befahrbare Sackgassen: Quellweg Eschenweg Postweg Schmiedegasse Parkm\u00f6glichkeiten f\u00fcr Anwohner: Anwohner Schmiedegasse, Postweg und &hellip; <\/p>\n<p class=\"link-more\"><a href=\"https:\/\/lorbach1250.de\/?page_id=313\" class=\"more-link\"><span class=\"screen-reader-text\">\u201eStra\u00dfensperrung\u201c <\/span>weiterlesen<\/a><\/p>\n","protected":false},"author":2,"featured_media":0,"parent":0,"menu_order":0,"comment_status":"closed","ping_status":"closed","template":"","meta":{"footnotes":""},"class_list":["post-313","page","type-page","status-publish","hentry"],"_links":{"self":[{"href":"https:\/\/lorbach1250.de\/index.php?rest_route=\/wp\/v2\/pages\/313","targetHints":{"allow":["GET"]}}],"collection":[{"href":"https:\/\/lorbach1250.de\/index.php?rest_route=\/wp\/v2\/pages"}],"about":[{"href":"https:\/\/lorbach1250.de\/index.php?rest_route=\/wp\/v2\/types\/page"}],"author":[{"embeddable":true,"href":"https:\/\/lorbach1250.de\/index.php?rest_route=\/wp\/v2\/users\/2"}],"replies":[{"embeddable":true,"href":"https:\/\/lorbach1250.de\/index.php?rest_route=%2Fwp%2Fv2%2Fcomments&post=313"}],"version-history":[{"count":9,"href":"https:\/\/lorbach1250.de\/index.php?rest_route=\/wp\/v2\/pages\/313\/revisions"}],"predecessor-version":[{"id":336,"href":"https:\/\/lorbach1250.de\/index.php?rest_route=\/wp\/v2\/pages\/313\/revisions\/336"}],"wp:attachment":[{"href":"https:\/\/lorbach1250.de\/index.php?rest_route=%2Fwp%2Fv2%2Fmedia&parent=313"}],"curies":[{"name":"wp","href":"https:\/\/api.w.org\/{rel}","templated":true}]}}