{"id":308,"date":"2025-08-03T21:07:10","date_gmt":"2025-08-03T19:07:10","guid":{"rendered":"https:\/\/lorbach1250.de\/?page_id=308"},"modified":"2025-08-03T21:07:10","modified_gmt":"2025-08-03T19:07:10","slug":"festschrift","status":"publish","type":"page","link":"https:\/\/lorbach1250.de\/?page_id=308","title":{"rendered":"Festschrift"},"content":{"rendered":"\n<figure class=\"wp-block-image size-large\"><img loading=\"lazy\" decoding=\"async\" width=\"1024\" height=\"1024\" src=\"https:\/\/lorbach1250.de\/wp-content\/uploads\/2025\/08\/Festschrift-Homepage-1024x1024.jpg\" alt=\"\" class=\"wp-image-309\" srcset=\"https:\/\/lorbach1250.de\/wp-content\/uploads\/2025\/08\/Festschrift-Homepage-1024x1024.jpg 1024w, https:\/\/lorbach1250.de\/wp-content\/uploads\/2025\/08\/Festschrift-Homepage-300x300.jpg 300w, https:\/\/lorbach1250.de\/wp-content\/uploads\/2025\/08\/Festschrift-Homepage-150x150.jpg 150w, https:\/\/lorbach1250.de\/wp-content\/uploads\/2025\/08\/Festschrift-Homepage-768x768.jpg 768w, https:\/\/lorbach1250.de\/wp-content\/uploads\/2025\/08\/Festschrift-Homepage-1536x1536.jpg 1536w, https:\/\/lorbach1250.de\/wp-content\/uploads\/2025\/08\/Festschrift-Homepage-2048x2048.jpg 2048w, https:\/\/lorbach1250.de\/wp-content\/uploads\/2025\/08\/Festschrift-Homepage-100x100.jpg 100w\" sizes=\"auto, (max-width: 706px) 89vw, (max-width: 767px) 82vw, 740px\" \/><\/figure>\n\n\n\n<p>Anl\u00e4sslich des gro\u00dfen Jubil\u00e4ums \u201e1250 Jahre Lorbach\u201c, das wir vom 15. bis 17. August 2025 mit einem festlichen Wochenende feiern, gibt es etwas ganz Besonderes: die offizielle Festschrift des Dorfvereins Lorbach!<\/p>\n\n\n\n<p>In liebevoller und aufw\u00e4ndiger Arbeit haben Ortwin Heinrich und Anika Faust \u00fcber zweieinhalb Jahre hinweg historische Quellen durchforstet, alte Schriften im Stadtarchiv B\u00fcdingen gesichtet, Lorbacher B\u00fcrgerinnen und B\u00fcrger befragt sowie zahlreiche historische Bilder und Dokumente gesammelt.<\/p>\n\n\n\n<p>Das Ergebnis: Eine einzigartige Festschrift, die Vergangenheit und Gegenwart unseres Dorfes lebendig werden l\u00e4sst. Themen wie der Herrnhag, die Kirche, die Hardeck und viele weitere Aspekte der Lorbacher Geschichte werden spannend aufbereitet. Auch die Lorbacher Vereine stellen sich mit Beitr\u00e4gen vor \u2013 ein Spiegel des aktiven Dorflebens heute.<\/p>\n\n\n\n<p>Das ausdrucksstarke Coverbild wurde von der Lorbacher K\u00fcnstlerin Carina Miller gestaltet, die auch einige Beitr\u00e4ge liebevoll illustriert hat.<\/p>\n\n\n\n<p><strong>Erh\u00e4ltlich ist die Festschrift f\u00fcr 5,00 \u20ac beim Edeka-Markt Weinel, Herrnhuter Stra\u00dfe 52b, B\u00fcdingen-Lorbach<\/strong>. <\/p>\n\n\n\n<p>Ein<strong>&nbsp;<\/strong>herzlicher Dank gilt allen, die zur Entstehung dieser Festschrift beigetragen haben \u2013 sei es durch Texte, Bilder, Erinnerungen oder organisatorische Unterst\u00fctzung. Ein besonderes Dankesch\u00f6n geht auch an unsere Sponsoren, die das Projekt gro\u00dfz\u00fcgig unterst\u00fctzt und damit erst m\u00f6glich gemacht haben.<\/p>\n\n\n\n<p>Greifen Sie zu \u2013 ein St\u00fcck Heimatgeschichte zum Mitnehmen!<\/p>\n","protected":false},"excerpt":{"rendered":"<p>Anl\u00e4sslich des gro\u00dfen Jubil\u00e4ums \u201e1250 Jahre Lorbach\u201c, das wir vom 15. bis 17. August 2025 mit einem festlichen Wochenende feiern, gibt es etwas ganz Besonderes: die offizielle Festschrift des Dorfvereins Lorbach! In liebevoller und aufw\u00e4ndiger Arbeit haben Ortwin Heinrich und Anika Faust \u00fcber zweieinhalb Jahre hinweg historische Quellen durchforstet, alte Schriften im Stadtarchiv B\u00fcdingen gesichtet, &hellip; <\/p>\n<p class=\"link-more\"><a href=\"https:\/\/lorbach1250.de\/?page_id=308\" class=\"more-link\"><span class=\"screen-reader-text\">\u201eFestschrift\u201c <\/span>weiterlesen<\/a><\/p>\n","protected":false},"author":2,"featured_media":0,"parent":0,"menu_order":0,"comment_status":"closed","ping_status":"closed","template":"","meta":{"footnotes":""},"class_list":["post-308","page","type-page","status-publish","hentry"],"_links":{"self":[{"href":"https:\/\/lorbach1250.de\/index.php?rest_route=\/wp\/v2\/pages\/308","targetHints":{"allow":["GET"]}}],"collection":[{"href":"https:\/\/lorbach1250.de\/index.php?rest_route=\/wp\/v2\/pages"}],"about":[{"href":"https:\/\/lorbach1250.de\/index.php?rest_route=\/wp\/v2\/types\/page"}],"author":[{"embeddable":true,"href":"https:\/\/lorbach1250.de\/index.php?rest_route=\/wp\/v2\/users\/2"}],"replies":[{"embeddable":true,"href":"https:\/\/lorbach1250.de\/index.php?rest_route=%2Fwp%2Fv2%2Fcomments&post=308"}],"version-history":[{"count":2,"href":"https:\/\/lorbach1250.de\/index.php?rest_route=\/wp\/v2\/pages\/308\/revisions"}],"predecessor-version":[{"id":312,"href":"https:\/\/lorbach1250.de\/index.php?rest_route=\/wp\/v2\/pages\/308\/revisions\/312"}],"wp:attachment":[{"href":"https:\/\/lorbach1250.de\/index.php?rest_route=%2Fwp%2Fv2%2Fmedia&parent=308"}],"curies":[{"name":"wp","href":"https:\/\/api.w.org\/{rel}","templated":true}]}}