{"id":303,"date":"2025-08-03T21:07:10","date_gmt":"2025-08-03T19:07:10","guid":{"rendered":"https:\/\/lorbach1250.de\/?page_id=303"},"modified":"2025-08-08T14:19:07","modified_gmt":"2025-08-08T12:19:07","slug":"jubilaeumswein","status":"publish","type":"page","link":"https:\/\/lorbach1250.de\/?page_id=303","title":{"rendered":"Jubil\u00e4umswein"},"content":{"rendered":"\n<figure class=\"wp-block-image size-full\"><img loading=\"lazy\" decoding=\"async\" width=\"557\" height=\"557\" src=\"https:\/\/lorbach1250.de\/wp-content\/uploads\/2025\/08\/1000083915-2.jpg\" alt=\"\" class=\"wp-image-305\" srcset=\"https:\/\/lorbach1250.de\/wp-content\/uploads\/2025\/08\/1000083915-2.jpg 557w, https:\/\/lorbach1250.de\/wp-content\/uploads\/2025\/08\/1000083915-2-300x300.jpg 300w, https:\/\/lorbach1250.de\/wp-content\/uploads\/2025\/08\/1000083915-2-150x150.jpg 150w, https:\/\/lorbach1250.de\/wp-content\/uploads\/2025\/08\/1000083915-2-100x100.jpg 100w\" sizes=\"auto, (max-width: 557px) 100vw, 557px\" \/><\/figure>\n\n\n\n<p>Zum gro\u00dfen Ortsjubil\u00e4um gibt\u2019s etwas ganz Besonderes: unseren eigenen Jubil\u00e4umswein!<br>Ein lieblicher Riesling (Jahrgang 2024) vom Weingut Rosenhof in Ensheim \u2013 fruchtig, leicht und einfach lecker. Genau das Richtige, um gemeinsam auf 1250 Jahre Lorbach anzusto\u00dfen.<\/p>\n\n\n\n<p>Das Etikett ist ebenfalls ein echtes Highlight: Die Lorbacher K\u00fcnstlerin Carina Miller hat in Aquarell die Lorbacher Schule und die Kirche am Herrnhaag liebevoll in Szene gesetzt \u2013 ein kleines Kunstwerk mit gro\u00dfem Heimatgef\u00fchl.<\/p>\n\n\n\n<p>Das steckt drin:<br>0,75 l | 9,5 % vol. Alkohol<br>12,50 \u20ac pro Flasche<\/p>\n\n\n\n<p>Wo gibt\u2019s den Wein?<\/p>\n\n\n\n<p>Ab sofort ist der Wein bei Edeka-Markt Weinel, Herrnhuter Str. 52b, 63654 B\u00fcdingen-Lorbach erh\u00e4ltlich. <\/p>\n\n\n\n<p>Am Jubil\u00e4umswochenende (15.\u201317.08.2025) :<br>\u2013 Freitag beim Kommersabend<br>\u2013 Samstag &amp; Sonntag am Brunnenplatz an Ina\u2019s Weinstand<\/p>\n\n\n\n<p>Mit dem Kauf unseres Jubil\u00e4umsweins unterst\u00fctzen Sie den Dorfverein Lorbach e.V. Der gesamte Gewinn flie\u00dft in gemeinn\u00fctzige Projekte, die wir im kommenden Jahr f\u00fcr unseren Ort umsetzen \u2013 f\u00fcr ein lebendiges, sch\u00f6nes und gemeinschaftliches Lorbach. Vielen Dank f\u00fcr Ihre Unterst\u00fctzung!<\/p>\n\n\n\n<p><\/p>\n","protected":false},"excerpt":{"rendered":"<p>Zum gro\u00dfen Ortsjubil\u00e4um gibt\u2019s etwas ganz Besonderes: unseren eigenen Jubil\u00e4umswein!Ein lieblicher Riesling (Jahrgang 2024) vom Weingut Rosenhof in Ensheim \u2013 fruchtig, leicht und einfach lecker. Genau das Richtige, um gemeinsam auf 1250 Jahre Lorbach anzusto\u00dfen. Das Etikett ist ebenfalls ein echtes Highlight: Die Lorbacher K\u00fcnstlerin Carina Miller hat in Aquarell die Lorbacher Schule und die &hellip; <\/p>\n<p class=\"link-more\"><a href=\"https:\/\/lorbach1250.de\/?page_id=303\" class=\"more-link\"><span class=\"screen-reader-text\">\u201eJubil\u00e4umswein\u201c <\/span>weiterlesen<\/a><\/p>\n","protected":false},"author":2,"featured_media":0,"parent":0,"menu_order":0,"comment_status":"closed","ping_status":"closed","template":"","meta":{"footnotes":""},"class_list":["post-303","page","type-page","status-publish","hentry"],"_links":{"self":[{"href":"https:\/\/lorbach1250.de\/index.php?rest_route=\/wp\/v2\/pages\/303","targetHints":{"allow":["GET"]}}],"collection":[{"href":"https:\/\/lorbach1250.de\/index.php?rest_route=\/wp\/v2\/pages"}],"about":[{"href":"https:\/\/lorbach1250.de\/index.php?rest_route=\/wp\/v2\/types\/page"}],"author":[{"embeddable":true,"href":"https:\/\/lorbach1250.de\/index.php?rest_route=\/wp\/v2\/users\/2"}],"replies":[{"embeddable":true,"href":"https:\/\/lorbach1250.de\/index.php?rest_route=%2Fwp%2Fv2%2Fcomments&post=303"}],"version-history":[{"count":3,"href":"https:\/\/lorbach1250.de\/index.php?rest_route=\/wp\/v2\/pages\/303\/revisions"}],"predecessor-version":[{"id":358,"href":"https:\/\/lorbach1250.de\/index.php?rest_route=\/wp\/v2\/pages\/303\/revisions\/358"}],"wp:attachment":[{"href":"https:\/\/lorbach1250.de\/index.php?rest_route=%2Fwp%2Fv2%2Fmedia&parent=303"}],"curies":[{"name":"wp","href":"https:\/\/api.w.org\/{rel}","templated":true}]}}