{"id":18,"date":"2023-08-30T10:55:51","date_gmt":"2023-08-30T08:55:51","guid":{"rendered":"https:\/\/lorbach1250.de\/?page_id=18"},"modified":"2025-08-20T14:38:53","modified_gmt":"2025-08-20T12:38:53","slug":"startseite","status":"publish","type":"page","link":"https:\/\/lorbach1250.de\/","title":{"rendered":"Dankesch\u00f6n zur 1250-Jahrfeier"},"content":{"rendered":"\n<p>Liebe Lorbacherinnen und Lorbacher,<br>liebe G\u00e4ste und Freunde unseres Dorfes,<\/p>\n\n\n\n<p>unsere 1250-Jahrfeier am vergangenen Wochenende war ein voller Erfolg \u2013 und das verdanken wir Ihnen! Drei Tage lang durften wir bei bestem Wetter ein gro\u00dfartiges Fest erleben: Der Kommersabend am Freitag und der stehende Festumzug entlang der Hauptstra\u00dfe am Samstag und Sonntag lockten zahlreiche Besucherinnen und Besucher nach Lorbach.<\/p>\n\n\n\n<div class=\"wp-block-group is-nowrap is-layout-flex wp-container-core-group-is-layout-ad2f72ca wp-block-group-is-layout-flex\">\n<p>Die ge\u00f6ffneten H\u00f6fe, die vielf\u00e4ltigen Angebote der Vereine, Ausstellungen, Mitmachaktionen und kulinarischen Gen\u00fcsse haben unser Jubil\u00e4um zu etwas ganz Besonderem gemacht. \u00dcberall sp\u00fcrte man Herzblut, Gastfreundschaft und Gemeinschaft.<\/p>\n<\/div>\n\n\n\n<p>Wir m\u00f6chten uns von Herzen bei allen bedanken, die zum Gelingen beigetragen haben \u2013 bei den Ausstellern, den Helferinnen und Helfern, den Vereinen, den Familien und Privatpersonen. Ohne Ihren Einsatz und Ihr Engagement w\u00e4re ein Fest in diesem Umfang niemals m\u00f6glich gewesen.<\/p>\n\n\n\n<p><strong>Danke f\u00fcr Ihren Einsatz f\u00fcr Lorbach!<\/strong><br>Im Namen des Dorfverein Lorbach e.V.<\/p>\n\n\n\n<p><\/p>\n\n\n\n<hr class=\"wp-block-separator has-alpha-channel-opacity\"\/>\n\n\n\n<figure class=\"wp-block-image size-full\"><img loading=\"lazy\" decoding=\"async\" width=\"697\" height=\"697\" src=\"https:\/\/lorbach1250.de\/wp-content\/uploads\/2025\/08\/Lorbacher-Museum.jpg\" alt=\"\" class=\"wp-image-380\" srcset=\"https:\/\/lorbach1250.de\/wp-content\/uploads\/2025\/08\/Lorbacher-Museum.jpg 697w, https:\/\/lorbach1250.de\/wp-content\/uploads\/2025\/08\/Lorbacher-Museum-300x300.jpg 300w, https:\/\/lorbach1250.de\/wp-content\/uploads\/2025\/08\/Lorbacher-Museum-150x150.jpg 150w, https:\/\/lorbach1250.de\/wp-content\/uploads\/2025\/08\/Lorbacher-Museum-100x100.jpg 100w\" sizes=\"auto, (max-width: 697px) 100vw, 697px\" \/><\/figure>\n","protected":false},"excerpt":{"rendered":"<p>Liebe Lorbacherinnen und Lorbacher,liebe G\u00e4ste und Freunde unseres Dorfes, unsere 1250-Jahrfeier am vergangenen Wochenende war ein voller Erfolg \u2013 und das verdanken wir Ihnen! Drei Tage lang durften wir bei bestem Wetter ein gro\u00dfartiges Fest erleben: Der Kommersabend am Freitag und der stehende Festumzug entlang der Hauptstra\u00dfe am Samstag und Sonntag lockten zahlreiche Besucherinnen und &hellip; <\/p>\n<p class=\"link-more\"><a href=\"https:\/\/lorbach1250.de\/\" class=\"more-link\"><span class=\"screen-reader-text\">\u201eDankesch\u00f6n zur 1250-Jahrfeier\u201c <\/span>weiterlesen<\/a><\/p>\n","protected":false},"author":1,"featured_media":0,"parent":0,"menu_order":0,"comment_status":"closed","ping_status":"closed","template":"","meta":{"footnotes":""},"class_list":["post-18","page","type-page","status-publish","hentry"],"_links":{"self":[{"href":"https:\/\/lorbach1250.de\/index.php?rest_route=\/wp\/v2\/pages\/18","targetHints":{"allow":["GET"]}}],"collection":[{"href":"https:\/\/lorbach1250.de\/index.php?rest_route=\/wp\/v2\/pages"}],"about":[{"href":"https:\/\/lorbach1250.de\/index.php?rest_route=\/wp\/v2\/types\/page"}],"author":[{"embeddable":true,"href":"https:\/\/lorbach1250.de\/index.php?rest_route=\/wp\/v2\/users\/1"}],"replies":[{"embeddable":true,"href":"https:\/\/lorbach1250.de\/index.php?rest_route=%2Fwp%2Fv2%2Fcomments&post=18"}],"version-history":[{"count":16,"href":"https:\/\/lorbach1250.de\/index.php?rest_route=\/wp\/v2\/pages\/18\/revisions"}],"predecessor-version":[{"id":381,"href":"https:\/\/lorbach1250.de\/index.php?rest_route=\/wp\/v2\/pages\/18\/revisions\/381"}],"wp:attachment":[{"href":"https:\/\/lorbach1250.de\/index.php?rest_route=%2Fwp%2Fv2%2Fmedia&parent=18"}],"curies":[{"name":"wp","href":"https:\/\/api.w.org\/{rel}","templated":true}]}}